{"id":970,"date":"2025-10-07T13:20:36","date_gmt":"2025-10-07T13:20:36","guid":{"rendered":"https:\/\/www.ksliz.pl\/?page_id=970"},"modified":"2026-02-18T08:53:09","modified_gmt":"2026-02-18T08:53:09","slug":"budowa-basenow","status":"publish","type":"page","link":"https:\/\/www.ksliz.pl\/index.php\/budowa-basenow\/","title":{"rendered":"Budowa basen\u00f3w"},"content":{"rendered":"\t\t<div data-elementor-type=\"wp-page\" data-elementor-id=\"970\" class=\"elementor elementor-970\" data-elementor-post-type=\"page\">\n\t\t\t\t\t\t<section class=\"elementor-section elementor-top-section elementor-element elementor-element-cce7bfe elementor-section-height-min-height elementor-section-boxed elementor-section-height-default elementor-section-items-middle\" data-id=\"cce7bfe\" data-element_type=\"section\" data-e-type=\"section\" data-settings=\"{&quot;background_background&quot;:&quot;classic&quot;}\">\n\t\t\t\t\t\t\t<div class=\"elementor-background-overlay\"><\/div>\n\t\t\t\t\t\t\t<div class=\"elementor-container elementor-column-gap-default\">\n\t\t\t\t\t<div class=\"elementor-column elementor-col-100 elementor-top-column elementor-element elementor-element-984be15\" data-id=\"984be15\" data-element_type=\"column\" data-e-type=\"column\">\n\t\t\t<div class=\"elementor-widget-wrap elementor-element-populated\">\n\t\t\t\t\t\t<div class=\"elementor-element elementor-element-f7a8834 elementor-widget elementor-widget-heading\" data-id=\"f7a8834\" data-element_type=\"widget\" data-e-type=\"widget\" data-widget_type=\"heading.default\">\n\t\t\t\t\t<h2 class=\"elementor-heading-title elementor-size-default\">Budowa basen\u00f3w zewn\u0119trznych<\/h2>\t\t\t\t<\/div>\n\t\t\t\t\t<\/div>\n\t\t<\/div>\n\t\t\t\t\t<\/div>\n\t\t<\/section>\n\t\t\t\t<section class=\"elementor-section elementor-top-section elementor-element elementor-element-4f62da0 elementor-section-boxed elementor-section-height-default elementor-section-height-default\" data-id=\"4f62da0\" data-element_type=\"section\" data-e-type=\"section\" data-settings=\"{&quot;background_background&quot;:&quot;classic&quot;}\">\n\t\t\t\t\t\t<div class=\"elementor-container elementor-column-gap-default\">\n\t\t\t\t\t<div class=\"elementor-column elementor-col-100 elementor-top-column elementor-element elementor-element-7126554\" data-id=\"7126554\" data-element_type=\"column\" data-e-type=\"column\">\n\t\t\t<div class=\"elementor-widget-wrap elementor-element-populated\">\n\t\t\t\t\t\t<div class=\"elementor-element elementor-element-e561203 elementor-widget elementor-widget-spacer\" data-id=\"e561203\" data-element_type=\"widget\" data-e-type=\"widget\" data-widget_type=\"spacer.default\">\n\t\t\t\t\t\t\t<div class=\"elementor-spacer\">\n\t\t\t<div class=\"elementor-spacer-inner\"><\/div>\n\t\t<\/div>\n\t\t\t\t\t\t<\/div>\n\t\t\t\t\t<\/div>\n\t\t<\/div>\n\t\t\t\t\t<\/div>\n\t\t<\/section>\n\t\t\t\t<section class=\"elementor-section elementor-top-section elementor-element elementor-element-b3e2d92 elementor-section-boxed elementor-section-height-default elementor-section-height-default\" data-id=\"b3e2d92\" data-element_type=\"section\" data-e-type=\"section\">\n\t\t\t\t\t\t<div class=\"elementor-container elementor-column-gap-default\">\n\t\t\t\t\t<div class=\"elementor-column elementor-col-100 elementor-top-column elementor-element elementor-element-65479c1\" data-id=\"65479c1\" data-element_type=\"column\" data-e-type=\"column\">\n\t\t\t<div class=\"elementor-widget-wrap elementor-element-populated\">\n\t\t\t\t\t\t<div class=\"elementor-element elementor-element-9b4dce0 elementor-widget-divider--view-line elementor-widget elementor-widget-divider\" data-id=\"9b4dce0\" data-element_type=\"widget\" data-e-type=\"widget\" data-widget_type=\"divider.default\">\n\t\t\t\t\t\t\t<div class=\"elementor-divider\">\n\t\t\t<span class=\"elementor-divider-separator\">\n\t\t\t\t\t\t<\/span>\n\t\t<\/div>\n\t\t\t\t\t\t<\/div>\n\t\t\t\t\t<\/div>\n\t\t<\/div>\n\t\t\t\t\t<\/div>\n\t\t<\/section>\n\t\t\t\t<section class=\"elementor-section elementor-top-section elementor-element elementor-element-f26c068 elementor-section-boxed elementor-section-height-default elementor-section-height-default\" data-id=\"f26c068\" data-element_type=\"section\" data-e-type=\"section\">\n\t\t\t\t\t\t<div class=\"elementor-container elementor-column-gap-default\">\n\t\t\t\t\t<div class=\"elementor-column elementor-col-100 elementor-top-column elementor-element elementor-element-15542d2\" data-id=\"15542d2\" data-element_type=\"column\" data-e-type=\"column\">\n\t\t\t<div class=\"elementor-widget-wrap elementor-element-populated\">\n\t\t\t\t\t\t<section class=\"elementor-section elementor-inner-section elementor-element elementor-element-38375ce elementor-section-content-middle elementor-section-boxed elementor-section-height-default elementor-section-height-default\" data-id=\"38375ce\" data-element_type=\"section\" data-e-type=\"section\">\n\t\t\t\t\t\t<div class=\"elementor-container elementor-column-gap-no\">\n\t\t\t\t\t<div class=\"elementor-column elementor-col-50 elementor-inner-column elementor-element elementor-element-35363b6\" data-id=\"35363b6\" data-element_type=\"column\" data-e-type=\"column\">\n\t\t\t<div class=\"elementor-widget-wrap elementor-element-populated\">\n\t\t\t\t\t\t<div class=\"elementor-element elementor-element-79520ef elementor-widget elementor-widget-heading\" data-id=\"79520ef\" data-element_type=\"widget\" data-e-type=\"widget\" data-widget_type=\"heading.default\">\n\t\t\t\t\t<h4 class=\"elementor-heading-title elementor-size-default\">Budowa basen\u00f3w zewn\u0119trznych<\/h4>\t\t\t\t<\/div>\n\t\t\t\t<div class=\"elementor-element elementor-element-803fe38 elementor-widget elementor-widget-text-editor\" data-id=\"803fe38\" data-element_type=\"widget\" data-e-type=\"widget\" data-widget_type=\"text-editor.default\">\n\t\t\t\t\t\t\t\t\t<ul><li>Kompleksowa budowa basen\u00f3w<\/li><\/ul>\t\t\t\t\t\t\t\t<\/div>\n\t\t\t\t\t<\/div>\n\t\t<\/div>\n\t\t\t\t<div class=\"elementor-column elementor-col-50 elementor-inner-column elementor-element elementor-element-4a426f7\" data-id=\"4a426f7\" data-element_type=\"column\" data-e-type=\"column\" data-settings=\"{&quot;motion_fx_motion_fx_scrolling&quot;:&quot;yes&quot;,&quot;motion_fx_translateY_effect&quot;:&quot;yes&quot;,&quot;motion_fx_translateY_speed&quot;:{&quot;unit&quot;:&quot;px&quot;,&quot;size&quot;:&quot;0.5&quot;,&quot;sizes&quot;:[]},&quot;motion_fx_devices&quot;:[&quot;desktop&quot;],&quot;motion_fx_translateY_affectedRange&quot;:{&quot;unit&quot;:&quot;%&quot;,&quot;size&quot;:&quot;&quot;,&quot;sizes&quot;:{&quot;start&quot;:0,&quot;end&quot;:100}}}\">\n\t\t\t<div class=\"elementor-widget-wrap elementor-element-populated\">\n\t\t\t\t\t\t<div class=\"elementor-element elementor-element-c22aadd elementor-widget elementor-widget-image\" data-id=\"c22aadd\" data-element_type=\"widget\" data-e-type=\"widget\" data-widget_type=\"image.default\">\n\t\t\t\t\t\t\t\t\t\t\t\t\t\t\t<img fetchpriority=\"high\" decoding=\"async\" width=\"1521\" height=\"952\" src=\"https:\/\/www.ksliz.pl\/wp-content\/uploads\/2026\/02\/WhatsApp-Image-2026-02-16-at-10.52.33-4-1.jpeg\" class=\"elementor-animation-grow attachment-full size-full wp-image-1213\" alt=\"\" srcset=\"https:\/\/www.ksliz.pl\/wp-content\/uploads\/2026\/02\/WhatsApp-Image-2026-02-16-at-10.52.33-4-1.jpeg 1521w, https:\/\/www.ksliz.pl\/wp-content\/uploads\/2026\/02\/WhatsApp-Image-2026-02-16-at-10.52.33-4-1-300x188.jpeg 300w, https:\/\/www.ksliz.pl\/wp-content\/uploads\/2026\/02\/WhatsApp-Image-2026-02-16-at-10.52.33-4-1-1024x641.jpeg 1024w, https:\/\/www.ksliz.pl\/wp-content\/uploads\/2026\/02\/WhatsApp-Image-2026-02-16-at-10.52.33-4-1-768x481.jpeg 768w\" sizes=\"(max-width: 1521px) 100vw, 1521px\" \/>\t\t\t\t\t\t\t\t\t\t\t\t\t\t\t<\/div>\n\t\t\t\t\t<\/div>\n\t\t<\/div>\n\t\t\t\t\t<\/div>\n\t\t<\/section>\n\t\t\t\t\t<\/div>\n\t\t<\/div>\n\t\t\t\t\t<\/div>\n\t\t<\/section>\n\t\t\t\t<section class=\"elementor-section elementor-top-section elementor-element elementor-element-53c1e3b elementor-section-boxed elementor-section-height-default elementor-section-height-default\" data-id=\"53c1e3b\" data-element_type=\"section\" data-e-type=\"section\">\n\t\t\t\t\t\t<div class=\"elementor-container elementor-column-gap-default\">\n\t\t\t\t\t<div class=\"elementor-column elementor-col-100 elementor-top-column elementor-element elementor-element-a976c42\" data-id=\"a976c42\" data-element_type=\"column\" data-e-type=\"column\">\n\t\t\t<div class=\"elementor-widget-wrap elementor-element-populated\">\n\t\t\t\t\t\t<section class=\"elementor-section elementor-inner-section elementor-element elementor-element-1fe267e elementor-section-boxed elementor-section-height-default elementor-section-height-default\" data-id=\"1fe267e\" data-element_type=\"section\" data-e-type=\"section\">\n\t\t\t\t\t\t<div class=\"elementor-container elementor-column-gap-default\">\n\t\t\t\t\t<div class=\"elementor-column elementor-col-100 elementor-inner-column elementor-element elementor-element-b328831\" data-id=\"b328831\" data-element_type=\"column\" data-e-type=\"column\">\n\t\t\t<div class=\"elementor-widget-wrap elementor-element-populated\">\n\t\t\t\t\t\t<div class=\"elementor-element elementor-element-c45067c elementor-widget elementor-widget-text-editor\" data-id=\"c45067c\" data-element_type=\"widget\" data-e-type=\"widget\" data-widget_type=\"text-editor.default\">\n\t\t\t\t\t\t\t\t\t<p>Oferujemy kompleksowe us\u0142ugi<br \/>budowy basen\u00f3w zewn\u0119trznych i wewn\u0119trznych :<\/p><p><b>Profesjonalny sprz\u0119t<br \/>Sprawdzone technologie<br \/>Fachowe wykonanie<\/b><\/p><p>Z przyjemno\u015bci\u0105 doradzimy najlepsze rozwi\u0105zanie, <br \/>do ka\u017cdego klienta podchodzimy indywidualnie.<\/p>\t\t\t\t\t\t\t\t<\/div>\n\t\t\t\t\t<\/div>\n\t\t<\/div>\n\t\t\t\t\t<\/div>\n\t\t<\/section>\n\t\t\t\t\t<\/div>\n\t\t<\/div>\n\t\t\t\t\t<\/div>\n\t\t<\/section>\n\t\t\t\t<section class=\"elementor-section elementor-top-section elementor-element elementor-element-c6ee5ec elementor-section-boxed elementor-section-height-default elementor-section-height-default\" data-id=\"c6ee5ec\" data-element_type=\"section\" data-e-type=\"section\">\n\t\t\t\t\t\t<div class=\"elementor-container elementor-column-gap-default\">\n\t\t\t\t\t<div class=\"elementor-column elementor-col-50 elementor-top-column elementor-element elementor-element-f05e0fb\" data-id=\"f05e0fb\" data-element_type=\"column\" data-e-type=\"column\">\n\t\t\t<div class=\"elementor-widget-wrap elementor-element-populated\">\n\t\t\t\t\t\t<div class=\"elementor-element elementor-element-8711516 elementor-widget elementor-widget-spacer\" data-id=\"8711516\" data-element_type=\"widget\" data-e-type=\"widget\" data-widget_type=\"spacer.default\">\n\t\t\t\t\t\t\t<div class=\"elementor-spacer\">\n\t\t\t<div class=\"elementor-spacer-inner\"><\/div>\n\t\t<\/div>\n\t\t\t\t\t\t<\/div>\n\t\t\t\t\t<\/div>\n\t\t<\/div>\n\t\t\t\t<div class=\"elementor-column elementor-col-50 elementor-top-column elementor-element elementor-element-a54f17a\" data-id=\"a54f17a\" data-element_type=\"column\" data-e-type=\"column\">\n\t\t\t<div class=\"elementor-widget-wrap\">\n\t\t\t\t\t\t\t<\/div>\n\t\t<\/div>\n\t\t\t\t\t<\/div>\n\t\t<\/section>\n\t\t\t\t<section class=\"elementor-section elementor-top-section elementor-element elementor-element-b0cbfb8 elementor-section-boxed elementor-section-height-default elementor-section-height-default\" data-id=\"b0cbfb8\" data-element_type=\"section\" data-e-type=\"section\">\n\t\t\t\t\t\t<div class=\"elementor-container elementor-column-gap-default\">\n\t\t\t\t\t<div class=\"elementor-column elementor-col-25 elementor-top-column elementor-element elementor-element-0e0b4c0\" data-id=\"0e0b4c0\" data-element_type=\"column\" data-e-type=\"column\">\n\t\t\t<div class=\"elementor-widget-wrap elementor-element-populated\">\n\t\t\t\t\t\t<div class=\"elementor-element elementor-element-c33ef23 elementor-widget elementor-widget-image\" data-id=\"c33ef23\" data-element_type=\"widget\" data-e-type=\"widget\" data-widget_type=\"image.default\">\n\t\t\t\t\t\t\t\t\t\t\t\t\t\t\t<img decoding=\"async\" width=\"800\" height=\"800\" src=\"https:\/\/www.ksliz.pl\/wp-content\/uploads\/2026\/02\/Basen01-1024x1024.png\" class=\"elementor-animation-grow attachment-large size-large wp-image-1227\" alt=\"\" srcset=\"https:\/\/www.ksliz.pl\/wp-content\/uploads\/2026\/02\/Basen01-1024x1024.png 1024w, https:\/\/www.ksliz.pl\/wp-content\/uploads\/2026\/02\/Basen01-300x300.png 300w, https:\/\/www.ksliz.pl\/wp-content\/uploads\/2026\/02\/Basen01-150x150.png 150w, https:\/\/www.ksliz.pl\/wp-content\/uploads\/2026\/02\/Basen01-768x768.png 768w, https:\/\/www.ksliz.pl\/wp-content\/uploads\/2026\/02\/Basen01.png 1400w\" sizes=\"(max-width: 800px) 100vw, 800px\" \/>\t\t\t\t\t\t\t\t\t\t\t\t\t\t\t<\/div>\n\t\t\t\t\t<\/div>\n\t\t<\/div>\n\t\t\t\t<div class=\"elementor-column elementor-col-25 elementor-top-column elementor-element elementor-element-3fd0c50\" data-id=\"3fd0c50\" data-element_type=\"column\" data-e-type=\"column\">\n\t\t\t<div class=\"elementor-widget-wrap elementor-element-populated\">\n\t\t\t\t\t\t<div class=\"elementor-element elementor-element-64476a5 elementor-widget elementor-widget-image\" data-id=\"64476a5\" data-element_type=\"widget\" data-e-type=\"widget\" data-widget_type=\"image.default\">\n\t\t\t\t\t\t\t\t\t\t\t\t\t\t\t<img decoding=\"async\" width=\"800\" height=\"800\" src=\"https:\/\/www.ksliz.pl\/wp-content\/uploads\/2026\/02\/Basen04-1024x1024.png\" class=\"elementor-animation-grow attachment-large size-large wp-image-1230\" alt=\"\" srcset=\"https:\/\/www.ksliz.pl\/wp-content\/uploads\/2026\/02\/Basen04-1024x1024.png 1024w, https:\/\/www.ksliz.pl\/wp-content\/uploads\/2026\/02\/Basen04-300x300.png 300w, https:\/\/www.ksliz.pl\/wp-content\/uploads\/2026\/02\/Basen04-150x150.png 150w, https:\/\/www.ksliz.pl\/wp-content\/uploads\/2026\/02\/Basen04-768x768.png 768w, https:\/\/www.ksliz.pl\/wp-content\/uploads\/2026\/02\/Basen04.png 1400w\" sizes=\"(max-width: 800px) 100vw, 800px\" \/>\t\t\t\t\t\t\t\t\t\t\t\t\t\t\t<\/div>\n\t\t\t\t\t<\/div>\n\t\t<\/div>\n\t\t\t\t<div class=\"elementor-column elementor-col-25 elementor-top-column elementor-element elementor-element-d4c647c\" data-id=\"d4c647c\" data-element_type=\"column\" data-e-type=\"column\">\n\t\t\t<div class=\"elementor-widget-wrap elementor-element-populated\">\n\t\t\t\t\t\t<div class=\"elementor-element elementor-element-8d9c8c5 elementor-widget elementor-widget-image\" data-id=\"8d9c8c5\" data-element_type=\"widget\" data-e-type=\"widget\" data-widget_type=\"image.default\">\n\t\t\t\t\t\t\t\t\t\t\t\t\t\t\t<img loading=\"lazy\" decoding=\"async\" width=\"800\" height=\"800\" src=\"https:\/\/www.ksliz.pl\/wp-content\/uploads\/2026\/02\/Basen03-1024x1024.png\" class=\"elementor-animation-grow attachment-large size-large wp-image-1229\" alt=\"\" srcset=\"https:\/\/www.ksliz.pl\/wp-content\/uploads\/2026\/02\/Basen03-1024x1024.png 1024w, https:\/\/www.ksliz.pl\/wp-content\/uploads\/2026\/02\/Basen03-300x300.png 300w, https:\/\/www.ksliz.pl\/wp-content\/uploads\/2026\/02\/Basen03-150x150.png 150w, https:\/\/www.ksliz.pl\/wp-content\/uploads\/2026\/02\/Basen03-768x768.png 768w, https:\/\/www.ksliz.pl\/wp-content\/uploads\/2026\/02\/Basen03.png 1400w\" sizes=\"(max-width: 800px) 100vw, 800px\" \/>\t\t\t\t\t\t\t\t\t\t\t\t\t\t\t<\/div>\n\t\t\t\t\t<\/div>\n\t\t<\/div>\n\t\t\t\t<div class=\"elementor-column elementor-col-25 elementor-top-column elementor-element elementor-element-05f7d9d\" data-id=\"05f7d9d\" data-element_type=\"column\" data-e-type=\"column\">\n\t\t\t<div class=\"elementor-widget-wrap elementor-element-populated\">\n\t\t\t\t\t\t<div class=\"elementor-element elementor-element-26c4674 elementor-widget elementor-widget-image\" data-id=\"26c4674\" data-element_type=\"widget\" data-e-type=\"widget\" data-widget_type=\"image.default\">\n\t\t\t\t\t\t\t\t\t\t\t\t\t\t\t<img loading=\"lazy\" decoding=\"async\" width=\"800\" height=\"800\" src=\"https:\/\/www.ksliz.pl\/wp-content\/uploads\/2026\/02\/Basen02-1024x1024.png\" class=\"elementor-animation-grow attachment-large size-large wp-image-1228\" alt=\"\" srcset=\"https:\/\/www.ksliz.pl\/wp-content\/uploads\/2026\/02\/Basen02-1024x1024.png 1024w, https:\/\/www.ksliz.pl\/wp-content\/uploads\/2026\/02\/Basen02-300x300.png 300w, https:\/\/www.ksliz.pl\/wp-content\/uploads\/2026\/02\/Basen02-150x150.png 150w, https:\/\/www.ksliz.pl\/wp-content\/uploads\/2026\/02\/Basen02-768x768.png 768w, https:\/\/www.ksliz.pl\/wp-content\/uploads\/2026\/02\/Basen02.png 1400w\" sizes=\"(max-width: 800px) 100vw, 800px\" \/>\t\t\t\t\t\t\t\t\t\t\t\t\t\t\t<\/div>\n\t\t\t\t\t<\/div>\n\t\t<\/div>\n\t\t\t\t\t<\/div>\n\t\t<\/section>\n\t\t\t\t<section class=\"elementor-section elementor-top-section elementor-element elementor-element-ed16980 elementor-section-boxed elementor-section-height-default elementor-section-height-default\" data-id=\"ed16980\" data-element_type=\"section\" data-e-type=\"section\">\n\t\t\t\t\t\t<div class=\"elementor-container elementor-column-gap-default\">\n\t\t\t\t\t<div class=\"elementor-column elementor-col-50 elementor-top-column elementor-element elementor-element-2f448eb\" data-id=\"2f448eb\" data-element_type=\"column\" data-e-type=\"column\">\n\t\t\t<div class=\"elementor-widget-wrap elementor-element-populated\">\n\t\t\t\t\t\t<div class=\"elementor-element elementor-element-769c576 elementor-widget elementor-widget-spacer\" data-id=\"769c576\" data-element_type=\"widget\" data-e-type=\"widget\" data-widget_type=\"spacer.default\">\n\t\t\t\t\t\t\t<div class=\"elementor-spacer\">\n\t\t\t<div class=\"elementor-spacer-inner\"><\/div>\n\t\t<\/div>\n\t\t\t\t\t\t<\/div>\n\t\t\t\t\t<\/div>\n\t\t<\/div>\n\t\t\t\t<div class=\"elementor-column elementor-col-50 elementor-top-column elementor-element elementor-element-02a722b\" data-id=\"02a722b\" data-element_type=\"column\" data-e-type=\"column\">\n\t\t\t<div class=\"elementor-widget-wrap\">\n\t\t\t\t\t\t\t<\/div>\n\t\t<\/div>\n\t\t\t\t\t<\/div>\n\t\t<\/section>\n\t\t\t\t<section class=\"elementor-section elementor-top-section elementor-element elementor-element-f2d8745 elementor-section-boxed elementor-section-height-default elementor-section-height-default\" data-id=\"f2d8745\" data-element_type=\"section\" data-e-type=\"section\">\n\t\t\t\t\t\t<div class=\"elementor-container elementor-column-gap-default\">\n\t\t\t\t\t<div class=\"elementor-column elementor-col-100 elementor-top-column elementor-element elementor-element-77899d7\" data-id=\"77899d7\" data-element_type=\"column\" data-e-type=\"column\">\n\t\t\t<div class=\"elementor-widget-wrap\">\n\t\t\t\t\t\t\t<\/div>\n\t\t<\/div>\n\t\t\t\t\t<\/div>\n\t\t<\/section>\n\t\t\t\t<section class=\"elementor-section elementor-top-section elementor-element elementor-element-e41eaff elementor-section-boxed elementor-section-height-default elementor-section-height-default\" data-id=\"e41eaff\" data-element_type=\"section\" data-e-type=\"section\">\n\t\t\t\t\t\t<div class=\"elementor-container elementor-column-gap-default\">\n\t\t\t\t\t<div class=\"elementor-column elementor-col-100 elementor-top-column elementor-element elementor-element-c6d105d\" data-id=\"c6d105d\" data-element_type=\"column\" data-e-type=\"column\">\n\t\t\t<div class=\"elementor-widget-wrap elementor-element-populated\">\n\t\t\t\t\t\t<div class=\"elementor-element elementor-element-0157bbb elementor-widget-divider--view-line elementor-widget elementor-widget-divider\" data-id=\"0157bbb\" data-element_type=\"widget\" data-e-type=\"widget\" data-widget_type=\"divider.default\">\n\t\t\t\t\t\t\t<div class=\"elementor-divider\">\n\t\t\t<span class=\"elementor-divider-separator\">\n\t\t\t\t\t\t<\/span>\n\t\t<\/div>\n\t\t\t\t\t\t<\/div>\n\t\t\t\t\t<\/div>\n\t\t<\/div>\n\t\t\t\t\t<\/div>\n\t\t<\/section>\n\t\t\t\t<\/div>\n\t\t","protected":false},"excerpt":{"rendered":"<p>Budowa basen\u00f3w zewn\u0119trznych Budowa basen\u00f3w zewn\u0119trznych Kompleksowa budowa basen\u00f3w Oferujemy kompleksowe us\u0142ugibudowy basen\u00f3w zewn\u0119trznych i wewn\u0119trznych : Profesjonalny sprz\u0119tSprawdzone technologieFachowe wykonanie Z przyjemno\u015bci\u0105 doradzimy najlepsze rozwi\u0105zanie, do ka\u017cdego klienta podchodzimy indywidualnie.<\/p>\n","protected":false},"author":1,"featured_media":0,"parent":0,"menu_order":0,"comment_status":"closed","ping_status":"closed","template":"","meta":{"om_disable_all_campaigns":false,"_monsterinsights_skip_tracking":false,"_monsterinsights_sitenote_active":false,"_monsterinsights_sitenote_note":"","_monsterinsights_sitenote_category":0,"footnotes":""},"class_list":["post-970","page","type-page","status-publish","hentry"],"aioseo_notices":[],"_links":{"self":[{"href":"https:\/\/www.ksliz.pl\/index.php\/wp-json\/wp\/v2\/pages\/970","targetHints":{"allow":["GET"]}}],"collection":[{"href":"https:\/\/www.ksliz.pl\/index.php\/wp-json\/wp\/v2\/pages"}],"about":[{"href":"https:\/\/www.ksliz.pl\/index.php\/wp-json\/wp\/v2\/types\/page"}],"author":[{"embeddable":true,"href":"https:\/\/www.ksliz.pl\/index.php\/wp-json\/wp\/v2\/users\/1"}],"replies":[{"embeddable":true,"href":"https:\/\/www.ksliz.pl\/index.php\/wp-json\/wp\/v2\/comments?post=970"}],"version-history":[{"count":77,"href":"https:\/\/www.ksliz.pl\/index.php\/wp-json\/wp\/v2\/pages\/970\/revisions"}],"predecessor-version":[{"id":1234,"href":"https:\/\/www.ksliz.pl\/index.php\/wp-json\/wp\/v2\/pages\/970\/revisions\/1234"}],"wp:attachment":[{"href":"https:\/\/www.ksliz.pl\/index.php\/wp-json\/wp\/v2\/media?parent=970"}],"curies":[{"name":"wp","href":"https:\/\/api.w.org\/{rel}","templated":true}]}}